{"id":118,"date":"2019-09-28T20:27:32","date_gmt":"2019-09-28T20:27:32","guid":{"rendered":"http:\/\/familie-frantz.de\/?page_id=118"},"modified":"2019-10-25T12:44:56","modified_gmt":"2019-10-25T12:44:56","slug":"christian","status":"publish","type":"page","link":"http:\/\/familie-frantz.de\/?page_id=118","title":{"rendered":"Christian"},"content":{"rendered":"\n<div class=\"wp-block-image\"><figure class=\"alignright is-resized\"><img loading=\"lazy\" src=\"http:\/\/familie-frantz.de\/wp-content\/uploads\/2019\/08\/FFD645D5-0B80-4FBE-A7F0-8F10AE2D640D-1024x575.jpg\" alt=\"\" class=\"wp-image-60\" width=\"283\" height=\"158\" srcset=\"http:\/\/familie-frantz.de\/wp-content\/uploads\/2019\/08\/FFD645D5-0B80-4FBE-A7F0-8F10AE2D640D-1024x575.jpg 1024w, http:\/\/familie-frantz.de\/wp-content\/uploads\/2019\/08\/FFD645D5-0B80-4FBE-A7F0-8F10AE2D640D-300x169.jpg 300w, http:\/\/familie-frantz.de\/wp-content\/uploads\/2019\/08\/FFD645D5-0B80-4FBE-A7F0-8F10AE2D640D-768x432.jpg 768w\" sizes=\"(max-width: 283px) 100vw, 283px\" \/><\/figure><\/div>\n\n\n\n<p>geboren im sch\u00f6nen Saarland vor \u00fcber 40 Jahren. viel im S\u00fcddeutschen Raum rumgekommen.  Im Nordschwarzwald aufgewachsen. Bei den Salzsiedern die Teenagerzeit durchlebt. Bei den Schwaben gerichtet worden. Auf der Ostalb Kinder bekommen. Nach Hessen mitgezogen.<\/p>\n\n\n\n<p>ich mag werte. freundliche menschen. menschen mit denen man einfach Kontakt halten kann. ich mag zeit haben f\u00fcr die kleinen und gro\u00dfen dinge im leben. zeit ist eins der wichtigsten g\u00fcter heutzutage. sei es mit den Kiddz, mit freunden, im Gesch\u00e4ft &#8230;. <\/p>\n\n\n\n<p>ich mag Papas die richtig in <a href=\"https:\/\/www.bento.de\/future\/elternzeit-oder-karriere-der-druck-der-vaeter-a-344bbb7a-5853-4e44-aaf7-7056c4d8413d\" target=\"_blank\" rel=\"noreferrer noopener\" aria-label=\" (\u00f6ffnet in neuem Tab)\">Elternzeit<\/a> gehen. menschen die sich um andere menschen k\u00fcmmern. ich mag andere menschen, solange sie auch werte vertreten die meinen \u00e4hnlich sind. <\/p>\n\n\n\n<p>ich mag wunder. \u00dcberraschungen. das zwischenmenschliche spiel. ich mag dialekte. bayrisch. saarl\u00e4ndisch. schw\u00e4bisch. platt. <\/p>\n\n\n\n<p>ich versuche gerne lokales bier. backe gern eigenes Brot und koche sehr gerne. ich versuche gerne lokale lekkereien und es gibt nichts sch\u00f6neres als abzubiegen um eine Wurst oder andere Leckerei abzugreifen. <\/p>\n\n\n\n<p>ich liebe besuche. zu bekochen. gem\u00fctliches Beisammensein bis sp\u00e4t in die nacht mit vielen menschen. reden, essen, guten wein. perfekt. <\/p>\n\n\n\n<p>ich mag keine zw\u00e4nge in der Freizeit.  keine \u00dcberheblichkeit und falsche Freundlichkeit. menschen die meinen richten zu k\u00f6nnen \u00fcber andere. Unfreiheit. Unfrieden. <\/p>\n\n\n\n<p>morgen ist heute gestern&#8230;. <\/p>\n","protected":false},"excerpt":{"rendered":"<p>geboren im sch\u00f6nen Saarland vor \u00fcber 40 Jahren. viel im S\u00fcddeutschen Raum rumgekommen. Im Nordschwarzwald aufgewachsen. Bei den Salzsiedern die Teenagerzeit durchlebt. Bei den Schwaben gerichtet worden. Auf der Ostalb Kinder bekommen. Nach Hessen mitgezogen. ich mag werte. freundliche menschen. menschen mit denen man einfach Kontakt halten kann. ich mag zeit haben f\u00fcr die kleinen &hellip; <\/p>\n<p class=\"link-more\"><a href=\"http:\/\/familie-frantz.de\/?page_id=118\" class=\"more-link\"><span class=\"screen-reader-text\">\u201eChristian\u201c<\/span> weiterlesen<\/a><\/p>\n","protected":false},"author":1,"featured_media":0,"parent":0,"menu_order":0,"comment_status":"closed","ping_status":"closed","template":"","meta":[],"_links":{"self":[{"href":"http:\/\/familie-frantz.de\/index.php?rest_route=\/wp\/v2\/pages\/118"}],"collection":[{"href":"http:\/\/familie-frantz.de\/index.php?rest_route=\/wp\/v2\/pages"}],"about":[{"href":"http:\/\/familie-frantz.de\/index.php?rest_route=\/wp\/v2\/types\/page"}],"author":[{"embeddable":true,"href":"http:\/\/familie-frantz.de\/index.php?rest_route=\/wp\/v2\/users\/1"}],"replies":[{"embeddable":true,"href":"http:\/\/familie-frantz.de\/index.php?rest_route=%2Fwp%2Fv2%2Fcomments&post=118"}],"version-history":[{"count":6,"href":"http:\/\/familie-frantz.de\/index.php?rest_route=\/wp\/v2\/pages\/118\/revisions"}],"predecessor-version":[{"id":302,"href":"http:\/\/familie-frantz.de\/index.php?rest_route=\/wp\/v2\/pages\/118\/revisions\/302"}],"wp:attachment":[{"href":"http:\/\/familie-frantz.de\/index.php?rest_route=%2Fwp%2Fv2%2Fmedia&parent=118"}],"curies":[{"name":"wp","href":"https:\/\/api.w.org\/{rel}","templated":true}]}}