{"id":138,"date":"2019-10-16T13:41:10","date_gmt":"2019-10-16T13:41:10","guid":{"rendered":"http:\/\/familie-frantz.de\/?page_id=138"},"modified":"2019-10-16T13:47:01","modified_gmt":"2019-10-16T13:47:01","slug":"matthis-genannt-matze","status":"publish","type":"page","link":"http:\/\/familie-frantz.de\/?page_id=138","title":{"rendered":"Matthis genannt Matze"},"content":{"rendered":"\n<p>unser j\u00fcngster im Clan. und der einzigste hesse in der Familie. wir sind gespannt was rauskommt. <\/p>\n\n\n\n<div class=\"wp-block-image\"><figure class=\"alignright is-resized\"><img loading=\"lazy\" src=\"http:\/\/familie-frantz.de\/wp-content\/uploads\/2019\/08\/IMG_2123-768x1024.jpeg\" alt=\"\" class=\"wp-image-37\" width=\"204\" height=\"271\" srcset=\"http:\/\/familie-frantz.de\/wp-content\/uploads\/2019\/08\/IMG_2123-768x1024.jpeg 768w, http:\/\/familie-frantz.de\/wp-content\/uploads\/2019\/08\/IMG_2123-225x300.jpeg 225w\" sizes=\"(max-width: 204px) 100vw, 204px\" \/><\/figure><\/div>\n\n\n\n<p>derzeit arbeitet er im kindergarten hier um die ecke. so mit smartphone und Notebook. <\/p>\n\n\n\n<p>am liebsten isst er &#8222;worscht&#8220; und spielt mit seinen Schwestern &#8222;zickenkrieg&#8220;<\/p>\n\n\n\n<p>Herausforderungen der n\u00e4chsten Jahre? <\/p>\n\n\n\n<p>windel loswerden. umwelt aufrichten. Elektroauto kaufen und gr\u00f6\u00dfer werden. <\/p>\n","protected":false},"excerpt":{"rendered":"<p>unser j\u00fcngster im Clan. und der einzigste hesse in der Familie. wir sind gespannt was rauskommt. derzeit arbeitet er im kindergarten hier um die ecke. so mit smartphone und Notebook. am liebsten isst er &#8222;worscht&#8220; und spielt mit seinen Schwestern &#8222;zickenkrieg&#8220; Herausforderungen der n\u00e4chsten Jahre? windel loswerden. umwelt aufrichten. Elektroauto kaufen und gr\u00f6\u00dfer werden.<\/p>\n","protected":false},"author":1,"featured_media":0,"parent":0,"menu_order":0,"comment_status":"closed","ping_status":"closed","template":"","meta":[],"_links":{"self":[{"href":"http:\/\/familie-frantz.de\/index.php?rest_route=\/wp\/v2\/pages\/138"}],"collection":[{"href":"http:\/\/familie-frantz.de\/index.php?rest_route=\/wp\/v2\/pages"}],"about":[{"href":"http:\/\/familie-frantz.de\/index.php?rest_route=\/wp\/v2\/types\/page"}],"author":[{"embeddable":true,"href":"http:\/\/familie-frantz.de\/index.php?rest_route=\/wp\/v2\/users\/1"}],"replies":[{"embeddable":true,"href":"http:\/\/familie-frantz.de\/index.php?rest_route=%2Fwp%2Fv2%2Fcomments&post=138"}],"version-history":[{"count":3,"href":"http:\/\/familie-frantz.de\/index.php?rest_route=\/wp\/v2\/pages\/138\/revisions"}],"predecessor-version":[{"id":150,"href":"http:\/\/familie-frantz.de\/index.php?rest_route=\/wp\/v2\/pages\/138\/revisions\/150"}],"wp:attachment":[{"href":"http:\/\/familie-frantz.de\/index.php?rest_route=%2Fwp%2Fv2%2Fmedia&parent=138"}],"curies":[{"name":"wp","href":"https:\/\/api.w.org\/{rel}","templated":true}]}}