{"id":445,"date":"2022-03-14T18:07:56","date_gmt":"2022-03-14T18:07:56","guid":{"rendered":"http:\/\/familie-frantz.de\/?page_id=445"},"modified":"2022-03-14T18:37:30","modified_gmt":"2022-03-14T18:37:30","slug":"camping-und-seine-plaetze","status":"publish","type":"page","link":"http:\/\/familie-frantz.de\/?page_id=445","title":{"rendered":"Camping und seine Pl\u00e4tze&#8230;."},"content":{"rendered":"\n<p><\/p>\n\n\n\n<p class=\"has-drop-cap\">an dieser Stelle kommt kein &#8222;macht es so und so&#8220; wir haben die &#8222;Camperbibel&#8220; f\u00fcr uns gebucht und sind die allwissenden und geben das gerne und nur das weiter \ud83d\ude42 Hier erz\u00e4hlen wir wie wir zum campen gekommen sind und was wir schon so erleben duften. &#8211; Wenn Ihr Fragen habt oder nach einem Tipp sucht k\u00f6nnt Ihr uns gerne mal anschreiben. Wenn wir eine Meinung dazu haben k\u00f6nnen wir diese gerne euch gegen\u00fcber kundtun. <\/p>\n\n\n\n<p class=\"has-drop-cap\">Bevor Ju und Ne auf die Welt gekommen sind haben wir eigentlich nur gearbeitet und wenig Urlaub gemacht. Wir waren in SkiUrlaub oder haben mal eine Kurztrip am Wochenende gemacht. Dann kamen die zwei Wurmlies und alles wurde (positiv) anderster. Da sind wir dann in die Freizeitanlagen nach Niederlande und\/oder haben H\u00e4user gemietet. <\/p>\n\n\n\n<p class=\"has-drop-cap\">Eine Entscheidung f\u00fcr einen Wohnwagen ist eine Entscheidung f\u00fcr einen Urlaubsstill. Unsere Entscheidung kam nach einem Kurzurlaub in Dresden (Hotel) gekommen. Das war f\u00fcr die Kinder nicht wirklich toll und auch f\u00fcr uns sehr stressig. Daher wurde ein Wohnwagen an der steilen Ostseek\u00fcste gemietet und f\u00fcr das Wochenende bezogen. Der Wohnwagen war \u00e4lter, man konnte nicht kochen drin, es hatte 5 Grad (April) und bisschen Nieselmieselwetter mit &#8211; der Norddeutsche sagt &#8211; Wind dazu. <\/p>\n\n\n\n<p class=\"has-drop-cap\">Reaktion &#8211; Aktion, manchmal ganz anders. Sprich wir hatten die schlechtesten Voraussetzungen und keine guten Erfahrungen mit dem Camping Wochenende. Sa hat zumindest lange mit sich gek\u00e4mpft ob das was f\u00fcr uns ist&#8230;. <\/p>\n\n\n\n<p>&#8230; und dann wurde es doch etwas f\u00fcr uns. <\/p>\n\n\n\n<p>Nach unz\u00e4hligen Besuchen von Messehallen, Ausstellungen, Anschauen von Wohnwagen haben wir uns dann einen B\u00fcrstner Averso 2012 in Saarbr\u00fccken beim Vogt bestellt und 6 Monate sp\u00e4ter (dar\u00fcber l\u00e4cheln manche heute) abgeholt.<\/p>\n\n\n\n<p>Die erste Fahrt nach Hause war mehr wie spannend. Wir hatten 3 Monate vorher \u00fcber das Zugfahrtzeug ger\u00e4tselt &#8211; sollte es doch f\u00fcr zwei Kinder, als Zugmaschine und als Langstreckenauto f\u00fcr Ch herhalten. Anh\u00e4ngelast, Zuglast Heck oder Frontler und es wurde ein Mercedes Kombi mit Automatik und Heckantrieb&#8230;.. . Challenge bestanden. \u00dcber unsere Kilometer und die Autos von Ch k\u00f6nnt ihr an anderer Stelle mal lesen&#8230;. . <\/p>\n\n\n\n<p>Ja und dann ging es los. Die erste Fahrt ging nach N\u00fcrnberg ins Playmobil Land. Dann eine Fahrt in die Pfalz, dann ging&#8217;s ins Allg\u00e4u, dann nach Holland&#8230;. . aber schaut selber (erwartet aber nicht die Welttour &#8211; unsere Campingpl\u00e4tze haben wir unten verlinkt) : <\/p>\n\n\n\n<p><\/p>\n\n\n\n<p>Unsere (bisherigen) <a href=\"http:\/\/familie-frantz.de\/?page_id=454\" data-type=\"page\" data-id=\"454\">Campingausfl\u00fcge<\/a> &#8211; ohne Wertung \u00fcber die Pl\u00e4tze das k\u00f6nnt ihr bei Pincamp oder anderen Bewertungsplattformen gerne lesen: <\/p>\n\n\n\n<p><\/p>\n\n\n\n<figure class=\"wp-block-image size-medium\"><img loading=\"lazy\" width=\"300\" height=\"225\" src=\"http:\/\/familie-frantz.de\/wp-content\/uploads\/2019\/10\/WP_000471-300x225.jpg\" alt=\"\" class=\"wp-image-285\" srcset=\"http:\/\/familie-frantz.de\/wp-content\/uploads\/2019\/10\/WP_000471-300x225.jpg 300w, http:\/\/familie-frantz.de\/wp-content\/uploads\/2019\/10\/WP_000471-768x576.jpg 768w, http:\/\/familie-frantz.de\/wp-content\/uploads\/2019\/10\/WP_000471-1024x768.jpg 1024w\" sizes=\"(max-width: 300px) 100vw, 300px\" \/><figcaption>Das Taxi&#8230;. oder die erste Zugmaschine&#8230;.<\/figcaption><\/figure>\n","protected":false},"excerpt":{"rendered":"<p>an dieser Stelle kommt kein &#8222;macht es so und so&#8220; wir haben die &#8222;Camperbibel&#8220; f\u00fcr uns gebucht und sind die allwissenden und geben das gerne und nur das weiter \ud83d\ude42 Hier erz\u00e4hlen wir wie wir zum campen gekommen sind und was wir schon so erleben duften. &#8211; Wenn Ihr Fragen habt oder nach einem Tipp &hellip; <\/p>\n<p class=\"link-more\"><a href=\"http:\/\/familie-frantz.de\/?page_id=445\" class=\"more-link\"><span class=\"screen-reader-text\">\u201eCamping und seine Pl\u00e4tze&#8230;.\u201c<\/span> weiterlesen<\/a><\/p>\n","protected":false},"author":1,"featured_media":0,"parent":0,"menu_order":0,"comment_status":"closed","ping_status":"closed","template":"","meta":[],"_links":{"self":[{"href":"http:\/\/familie-frantz.de\/index.php?rest_route=\/wp\/v2\/pages\/445"}],"collection":[{"href":"http:\/\/familie-frantz.de\/index.php?rest_route=\/wp\/v2\/pages"}],"about":[{"href":"http:\/\/familie-frantz.de\/index.php?rest_route=\/wp\/v2\/types\/page"}],"author":[{"embeddable":true,"href":"http:\/\/familie-frantz.de\/index.php?rest_route=\/wp\/v2\/users\/1"}],"replies":[{"embeddable":true,"href":"http:\/\/familie-frantz.de\/index.php?rest_route=%2Fwp%2Fv2%2Fcomments&post=445"}],"version-history":[{"count":3,"href":"http:\/\/familie-frantz.de\/index.php?rest_route=\/wp\/v2\/pages\/445\/revisions"}],"predecessor-version":[{"id":460,"href":"http:\/\/familie-frantz.de\/index.php?rest_route=\/wp\/v2\/pages\/445\/revisions\/460"}],"wp:attachment":[{"href":"http:\/\/familie-frantz.de\/index.php?rest_route=%2Fwp%2Fv2%2Fmedia&parent=445"}],"curies":[{"name":"wp","href":"https:\/\/api.w.org\/{rel}","templated":true}]}}