{"id":454,"date":"2022-03-14T18:33:55","date_gmt":"2022-03-14T18:33:55","guid":{"rendered":"http:\/\/familie-frantz.de\/?page_id=454"},"modified":"2022-03-14T19:34:51","modified_gmt":"2022-03-14T19:34:51","slug":"unsere-ausfluege-keine-wertung-nach-zeit-oder-aufenthaltsdauer-oder-fun-wohlfuehlfaktor","status":"publish","type":"page","link":"http:\/\/familie-frantz.de\/?page_id=454","title":{"rendered":"unsere Ausfl\u00fcge &#8211; (keine Wertung nach Zeit oder Aufenthaltsdauer oder Fun \/ Wohlf\u00fchlfaktor!)"},"content":{"rendered":"\n<p><\/p>\n\n\n\n<div class=\"wp-block-media-text alignwide has-media-on-the-right is-stacked-on-mobile\"><figure class=\"wp-block-media-text__media\"><img src=\"blob:http:\/\/familie-frantz.de\/3a24b640-d0e7-4ce5-849a-317ae2eb743a\" alt=\"\"\/><\/figure><div class=\"wp-block-media-text__content\">\n<p class=\"has-drop-cap has-small-font-size\">Sehr h\u00e4ufig waren wir auf dem Platz <a rel=\"noreferrer noopener\" href=\"https:\/\/camping-zur-muehle.de\" target=\"_blank\">zur M\u00fchle<\/a> in Zirndorf. F\u00fcr die playmobil fans unter uns. das ist der Campingplatz unweit des Parks. wir haben aber immer hinten auf dem Feld gestanden &#8211; anfangs weil wir zu sp\u00e4t reserviert hatten &#8211; sp\u00e4ter weil es f\u00fcr uns da gef\u00fchlt einfach sch\u00f6ner war.<\/p>\n<\/div><\/div>\n\n\n\n<p><\/p>\n\n\n\n<div class=\"wp-block-media-text alignwide is-stacked-on-mobile\"><figure class=\"wp-block-media-text__media\"><img loading=\"lazy\" width=\"1024\" height=\"768\" src=\"http:\/\/familie-frantz.de\/wp-content\/uploads\/2022\/03\/100_5740-1-1024x768.jpg\" alt=\"\" class=\"wp-image-469 size-full\" srcset=\"http:\/\/familie-frantz.de\/wp-content\/uploads\/2022\/03\/100_5740-1-1024x768.jpg 1024w, http:\/\/familie-frantz.de\/wp-content\/uploads\/2022\/03\/100_5740-1-300x225.jpg 300w, http:\/\/familie-frantz.de\/wp-content\/uploads\/2022\/03\/100_5740-1-768x576.jpg 768w, http:\/\/familie-frantz.de\/wp-content\/uploads\/2022\/03\/100_5740-1-1536x1152.jpg 1536w, http:\/\/familie-frantz.de\/wp-content\/uploads\/2022\/03\/100_5740-1-2048x1536.jpg 2048w\" sizes=\"(max-width: 767px) 89vw, (max-width: 1000px) 54vw, (max-width: 1071px) 543px, 580px\" \/><\/figure><div class=\"wp-block-media-text__content\">\n<p class=\"has-drop-cap has-text-align-left has-small-font-size\">ein sch\u00f6ner Ausflug war auf den damals neuen Campingplatz im <a rel=\"noreferrer noopener\" href=\"https:\/\/www.camping-klingbachtal.de\/de\/21\/starten.html\" target=\"_blank\">Klingbachtal<\/a> unweit von Landau. Ein sehr sch\u00f6nes Konzept mit Schwimmbad neben dran. Hier wurde auch unser Vorzelt von sehr Kompetenten MitCamper (+15 Jahre Erfahrung im Campen sicher) eingezogen und wir hatten ein sehr sch\u00f6nes Wochenende. &#8211; Empfehlenswert ist auch Landau mit seiner Markthalle \/ Wochenmarkt.<\/p>\n<\/div><\/div>\n\n\n\n<p><\/p>\n\n\n\n<p>ein kurzen Wochenendausflug <a href=\"https:\/\/campingplatz-kahl.de\" target=\"_blank\" rel=\"noreferrer noopener\">nach Kahl<\/a> mit Bekannten hatten wir hier. auf der hinfahrt haben wir dann auch zum ersten mal das ABS, EPS und die ganzen elektronischen Helferlein kennengelernt. Wir hatten Seitenwind, \u00dcberholten einen LKW und sind in Fahrspuren gekommen. das hatte gereicht um den Wohnwagen aufzuschaukeln und die A45 in ganzer breite kennenzulernen&#8230;. ein Erlebnis mit gutem Ausgang was gepr\u00e4gt hat&#8230;. Der Campingplatz ist nicht schlecht da kann man super am Main entlang Radfahren und tolle ausfl\u00fcge machen. der Campingplatz ist aufger\u00e4umt f\u00fcr unseren Geschmack zu viele feststehende aber man steht getrennt voneinander. der See war damals leider zu kalt zum baden. <\/p>\n\n\n\n<p>sehr sch\u00f6n waren auch die Ausfl\u00fcge in die Niederlande. Sch\u00f6n deshalb weil die Stra\u00dfe einmal f\u00fcr Wohnwagenfahrer ausgelegt sind, wir sehr viel Fahrradfahren k\u00f6nnen und weil Niederl\u00e4nder einfach laut gewohnt sind. Sprich Angebot trifft Nachfrage bei uns! wie haben eigentlich die gesamte K\u00fcste von Belgien bis Tex durch. Wir waren von  Koksijde Beach bis zum Leuchtturm Eierland. <\/p>\n\n\n\n<p><\/p>\n\n\n\n<figure class=\"wp-block-image size-medium is-resized is-style-default\"><img loading=\"lazy\" src=\"http:\/\/familie-frantz.de\/wp-content\/uploads\/2019\/08\/IMG_1947-225x300.jpeg\" alt=\"\" class=\"wp-image-40\" width=\"225\" height=\"300\" srcset=\"http:\/\/familie-frantz.de\/wp-content\/uploads\/2019\/08\/IMG_1947-225x300.jpeg 225w, http:\/\/familie-frantz.de\/wp-content\/uploads\/2019\/08\/IMG_1947-768x1024.jpeg 768w\" sizes=\"(max-width: 225px) 100vw, 225px\" \/><figcaption>Das Wahrzeichen von Texel <\/figcaption><\/figure>\n","protected":false},"excerpt":{"rendered":"<p>Sehr h\u00e4ufig waren wir auf dem Platz zur M\u00fchle in Zirndorf. F\u00fcr die playmobil fans unter uns. das ist der Campingplatz unweit des Parks. wir haben aber immer hinten auf dem Feld gestanden &#8211; anfangs weil wir zu sp\u00e4t reserviert hatten &#8211; sp\u00e4ter weil es f\u00fcr uns da gef\u00fchlt einfach sch\u00f6ner war. ein sch\u00f6ner Ausflug &hellip; <\/p>\n<p class=\"link-more\"><a href=\"http:\/\/familie-frantz.de\/?page_id=454\" class=\"more-link\"><span class=\"screen-reader-text\">\u201eunsere Ausfl\u00fcge &#8211; (keine Wertung nach Zeit oder Aufenthaltsdauer oder Fun \/ Wohlf\u00fchlfaktor!)\u201c<\/span> weiterlesen<\/a><\/p>\n","protected":false},"author":1,"featured_media":0,"parent":0,"menu_order":0,"comment_status":"closed","ping_status":"closed","template":"","meta":[],"_links":{"self":[{"href":"http:\/\/familie-frantz.de\/index.php?rest_route=\/wp\/v2\/pages\/454"}],"collection":[{"href":"http:\/\/familie-frantz.de\/index.php?rest_route=\/wp\/v2\/pages"}],"about":[{"href":"http:\/\/familie-frantz.de\/index.php?rest_route=\/wp\/v2\/types\/page"}],"author":[{"embeddable":true,"href":"http:\/\/familie-frantz.de\/index.php?rest_route=\/wp\/v2\/users\/1"}],"replies":[{"embeddable":true,"href":"http:\/\/familie-frantz.de\/index.php?rest_route=%2Fwp%2Fv2%2Fcomments&post=454"}],"version-history":[{"count":5,"href":"http:\/\/familie-frantz.de\/index.php?rest_route=\/wp\/v2\/pages\/454\/revisions"}],"predecessor-version":[{"id":474,"href":"http:\/\/familie-frantz.de\/index.php?rest_route=\/wp\/v2\/pages\/454\/revisions\/474"}],"wp:attachment":[{"href":"http:\/\/familie-frantz.de\/index.php?rest_route=%2Fwp%2Fv2%2Fmedia&parent=454"}],"curies":[{"name":"wp","href":"https:\/\/api.w.org\/{rel}","templated":true}]}}