{"id":121,"date":"2019-09-28T20:31:53","date_gmt":"2019-09-28T20:31:53","guid":{"rendered":"http:\/\/familie-frantz.de\/?page_id=121"},"modified":"2022-03-14T18:47:25","modified_gmt":"2022-03-14T18:47:25","slug":"schon-mal","status":"publish","type":"page","link":"https:\/\/familie-frantz.de\/","title":{"rendered":"schon mal&#8230;"},"content":{"rendered":"\n<p>Auf einem <a href=\"http:\/\/familie-frantz.de\/?page_id=445\" data-type=\"page\" data-id=\"445\">Campingplatz<\/a> mit <a href=\"http:\/\/familie-frantz.de\/?page_id=118\">Christian<\/a> oder <a href=\"http:\/\/familie-frantz.de\/?page_id=138\">Matz<\/a> gen\u00e4chtigt? Auf der A5 oder A7 an uns vorbei gezogen? Dem Chiemsee, Tegernsee, Mondsee oder der fr\u00e4nkischen Seenplatte &#8222;hallo gesagt&#8220;? Uns <a href=\"http:\/\/familie-frantz.de\/?page_id=205\">angehubt<\/a> weil wir mal wieder auf der linken Spur waren?<\/p>\n\n\n\n<p>eine schlechte Idee gehabt? Aus der Pharmawelt? In Hessen <a href=\"http:\/\/familie-frantz.de\/?page_id=172\" target=\"_blank\" rel=\"noreferrer noopener\">gebaut<\/a> oder eingeb\u00fcrgerte Wahlhessen?<\/p>\n\n\n\n<p>Brot zusammen gebacken? Einen &#8222;Doppf&#8220; aufgesetzt? <a href=\"https:\/\/www.urlaub.saarland\/Reisethemen\/Essen-Trinken\/Typisch-saarlaendische-Rezepte\" target=\"_blank\" rel=\"noreferrer noopener\" aria-label=\" (\u00f6ffnet in neuem Tab)\">Saarl\u00e4ndisch<\/a> oder Fr\u00e4nkisch geschlemmt?<\/p>\n\n\n\n<p>Im Wald auf B\u00e4ume gestiegen oder in der Halle? Wilde Tiere zusammen erlegt?<\/p>\n\n\n\n<p>Kinder geb\u00e4ndigt? In der <a rel=\"noreferrer noopener\" aria-label=\" (\u00f6ffnet in neuem Tab)\" href=\"https:\/\/www.bento.de\/gefuehle\/vaeter-in-elternzeit-ortsbesuch-in-einer-krabbelgruppe-nur-fuer-papas-a-079f9d06-3a1f-46d4-b5ad-19553a84e53c#ref=recom-outbrain\" target=\"_blank\">Elternzeit<\/a>  auf dem Spielplatz getroffen? Oder bei der Geburtstagsfeier der Kinder Abends unterm Tisch mit Christian gelegen? Pubertiere zuhause die immer gr\u00f6\u00dfer werden? <\/p>\n\n\n\n<p>Ihr kennt die Twins JuNe oder den Matz? Spielt Fl\u00f6te, Trommel oder anders Zeug was laut ist?<\/p>\n\n\n\n<p>Ihr wart mit Christian oder Sabine schon unterwegs? Kennt Claudia oder Ronny von kleinauf?<\/p>\n\n\n\n<p>In <a rel=\"noreferrer noopener\" aria-label=\" (\u00f6ffnet in neuem Tab)\" href=\"https:\/\/www.saarland.de\" target=\"_blank\">Saarbr\u00fccken<\/a>, <a rel=\"noreferrer noopener\" aria-label=\" (\u00f6ffnet in neuem Tab)\" href=\"https:\/\/www.abtsgmuend.de\" target=\"_blank\">Abtsgm\u00fcnd<\/a>, Bayreuth, <a href=\"https:\/\/www.lkgi.de\" data-type=\"URL\" data-id=\"https:\/\/www.lkgi.de\" target=\"_blank\" rel=\"noreferrer noopener\">Gie\u00dfen<\/a>, Frankfurt, <a rel=\"noreferrer noopener\" aria-label=\" (\u00f6ffnet in neuem Tab)\" href=\"http:\/\/www.schwaebischhall.de\/erlebnisstadt.html\" target=\"_blank\">Schw\u00e4bisch Hall<\/a>, Heilbronn, <a href=\"https:\/\/www.memmingen.de\" target=\"_blank\" rel=\"noreferrer noopener\">Memmingen<\/a>, Schw\u00e4bisch Gm\u00fcnd, N\u00fcrnberg, <a rel=\"noreferrer noopener\" aria-label=\" (\u00f6ffnet in neuem Tab)\" href=\"https:\/\/www.altensteig.de\/willkommen\" target=\"_blank\">Altensteig<\/a>, <a rel=\"noreferrer noopener\" aria-label=\" (\u00f6ffnet in neuem Tab)\" href=\"https:\/\/www.vgtheres.de\/wonfurt\/aktuelles-termine.html\" target=\"_blank\">Wonfurt<\/a>, Hamburg, <a href=\"https:\/\/www.sardegnaturismo.it\/de\/orte\/sud\/cagliari\" target=\"_blank\" rel=\"noreferrer noopener\">Cagliari<\/a>,  &#8230;. \u00fcber den Weg gelaufen?<\/p>\n\n\n\n<p>ihr k\u00f6nnt <a rel=\"noreferrer noopener\" aria-label=\" (\u00f6ffnet in neuem Tab)\" href=\"https:\/\/www.google.com\/url?sa=t&amp;rct=j&amp;q=&amp;esrc=s&amp;source=web&amp;cd=1&amp;ved=2ahUKEwibzMn2-KDlAhUKb1AKHYG3DecQwqsBMAB6BAgJEAQ&amp;url=https%3A%2F%2Fwww.youtube.com%2Fwatch%3Fv%3DpevJ7_D4BTs&amp;usg=AOvVaw0ZiBxWfD7EtjAICMilibP8\" target=\"_blank\">saarl\u00e4ndisch<\/a>, <a rel=\"noreferrer noopener\" aria-label=\" (\u00f6ffnet in neuem Tab)\" href=\"https:\/\/www.youtube.com\/watch?v=HILB6dJ2Wy0\" target=\"_blank\">schw\u00e4bisch<\/a>, fr\u00e4nkisches, hessisch, bayrisch und versteht den <a href=\"https:\/\/www.youtube.com\/watch?v=lxtHm9kO81g\">Christian<\/a>? <\/p>\n\n\n\n<p>ihr lest die gleichen B\u00fccher oder wandert gerne mit euren Nachkommen? <\/p>\n\n\n\n<p><\/p>\n\n\n\n<p><\/p>\n\n\n\n<p><\/p>\n\n\n\n<p class=\"has-large-font-size\"><strong>Ja?<\/strong><\/p>\n\n\n\n<p>Sch\u00f6n das Ihr da seit!<br>Jule, Nele, Matz, Christian und Sabine.<\/p>\n\n\n\n<p class=\"has-large-font-size\"><strong>Nein?<\/strong> <\/p>\n\n\n\n<p>Auch sch\u00f6n. Aber woher kennen wir uns dann? <\/p>\n","protected":false},"excerpt":{"rendered":"<p>Auf einem Campingplatz mit Christian oder Matz gen\u00e4chtigt? Auf der A5 oder A7 an uns vorbei gezogen? Dem Chiemsee, Tegernsee, Mondsee oder der fr\u00e4nkischen Seenplatte &#8222;hallo gesagt&#8220;? Uns angehubt weil wir mal wieder auf der linken Spur waren? eine schlechte Idee gehabt? Aus der Pharmawelt? In Hessen gebaut oder eingeb\u00fcrgerte Wahlhessen? Brot zusammen gebacken? Einen &hellip; <\/p>\n<p class=\"link-more\"><a href=\"https:\/\/familie-frantz.de\/\" class=\"more-link\"><span class=\"screen-reader-text\">\u201eschon mal&#8230;\u201c<\/span> weiterlesen<\/a><\/p>\n","protected":false},"author":1,"featured_media":0,"parent":0,"menu_order":0,"comment_status":"closed","ping_status":"closed","template":"","meta":[],"_links":{"self":[{"href":"https:\/\/familie-frantz.de\/index.php?rest_route=\/wp\/v2\/pages\/121"}],"collection":[{"href":"https:\/\/familie-frantz.de\/index.php?rest_route=\/wp\/v2\/pages"}],"about":[{"href":"https:\/\/familie-frantz.de\/index.php?rest_route=\/wp\/v2\/types\/page"}],"author":[{"embeddable":true,"href":"https:\/\/familie-frantz.de\/index.php?rest_route=\/wp\/v2\/users\/1"}],"replies":[{"embeddable":true,"href":"https:\/\/familie-frantz.de\/index.php?rest_route=%2Fwp%2Fv2%2Fcomments&post=121"}],"version-history":[{"count":14,"href":"https:\/\/familie-frantz.de\/index.php?rest_route=\/wp\/v2\/pages\/121\/revisions"}],"predecessor-version":[{"id":464,"href":"https:\/\/familie-frantz.de\/index.php?rest_route=\/wp\/v2\/pages\/121\/revisions\/464"}],"wp:attachment":[{"href":"https:\/\/familie-frantz.de\/index.php?rest_route=%2Fwp%2Fv2%2Fmedia&parent=121"}],"curies":[{"name":"wp","href":"https:\/\/api.w.org\/{rel}","templated":true}]}}